{"id":1885,"date":"2025-04-05T14:09:02","date_gmt":"2025-04-05T14:09:02","guid":{"rendered":"https:\/\/springmountainaesthetics.com\/?page_id=1885"},"modified":"2025-08-26T15:07:47","modified_gmt":"2025-08-26T15:07:47","slug":"terminos-de-servicios","status":"publish","type":"page","link":"https:\/\/springmountainaesthetics.com\/es\/terminos-de-servicios\/","title":{"rendered":"T\u00e9rminos de servicios"},"content":{"rendered":"\t\t<div data-elementor-type=\"wp-page\" data-elementor-id=\"1885\" class=\"elementor elementor-1885\">\n\t\t\t\t<div class=\"elementor-element elementor-element-2338b72e e-flex e-con-boxed lakit-col-width-auto-no e-container e-root-container elementor-top-section e-con e-parent\" data-id=\"2338b72e\" data-element_type=\"container\">\n\t\t\t\t\t<div class=\"e-con-inner\">\n\t\t\t\t<div class=\"elementor-element elementor-element-7ca7e446 elementor-widget elementor-widget-text-editor\" data-id=\"7ca7e446\" data-element_type=\"widget\" data-widget_type=\"text-editor.default\">\n\t\t\t\t<div class=\"elementor-widget-container\">\n\t\t\t\t\t\t\t\t\t<h2 class=\"wp-block-heading\">General Terms and Conditions<\/h2>\n<p><!-- \/wp:heading --><\/p>\n<p><!-- wp:paragraph --><\/p>\n<p data-start=\"40\" data-end=\"425\">Al acceder o utilizar este sitio web (Spring Mountain Aesthetics), usted acepta estar sujeto a todos los t\u00e9rminos, condiciones y avisos contenidos en este Acuerdo de Uso del Sitio (el \u201cAcuerdo\u201d). Nos reservamos el derecho de modificar este Acuerdo en cualquier momento. Al continuar usando el Sitio despu\u00e9s de dichas revisiones, usted reconoce y acepta los t\u00e9rminos actualizados.<\/p>\n<p data-start=\"427\" data-end=\"1007\">La informaci\u00f3n proporcionada en este Sitio es \u00fanicamente con fines informativos generales. No pretende ofrecer asesoramiento, diagn\u00f3stico ni tratamiento m\u00e9dico, y no debe considerarse un sustituto de la consulta profesional con un m\u00e9dico calificado. El uso de este Sitio no establece una relaci\u00f3n m\u00e9dico-paciente, ni se proporciona diagn\u00f3stico o tratamiento alguno. La informaci\u00f3n disponible debe utilizarse siempre en consulta con un profesional m\u00e9dico autorizado de su elecci\u00f3n. No ofrecemos garant\u00edas sobre la exactitud o integridad de la informaci\u00f3n contenida en este Sitio.<\/p>\n<p><!-- \/wp:paragraph --><\/p>\n<p><!-- wp:heading --><\/p>\n<h2 class=\"wp-block-heading\">Enlaces de Terceros<\/h2>\n<p><!-- \/wp:heading --><\/p>\n<p><!-- wp:paragraph --><\/p>\n<p data-start=\"1041\" data-end=\"1306\">Podemos proporcionar enlaces a sitios web de terceros solo para su conveniencia o referencia. Estos sitios no est\u00e1n bajo nuestro control, y su inclusi\u00f3n en nuestro Sitio no implica respaldo, aprobaci\u00f3n ni garant\u00eda alguna sobre su contenido, exactitud o seguridad.<\/p>\n<p><!-- \/wp:paragraph --><\/p>\n<p><!-- wp:heading --><\/p>\n<h2 class=\"wp-block-heading\">Exactitud y Exenci\u00f3n de Responsabilidad<\/h2>\n<p><!-- \/wp:heading --><\/p>\n<p><!-- wp:paragraph --><\/p>\n<p data-start=\"1360\" data-end=\"1739\">En <strong data-start=\"1363\" data-end=\"1393\">Spring Mountain Aesthetics<\/strong> nos esforzamos por ofrecer informaci\u00f3n precisa y actualizada en este Sitio. Sin embargo, todo el contenido se proporciona \u201ctal cual\u201d, y en la m\u00e1xima medida permitida por la ley, rechazamos todas las garant\u00edas, expresas o impl\u00edcitas, incluidas, entre otras, las garant\u00edas impl\u00edcitas de comercializaci\u00f3n e idoneidad para un prop\u00f3sito particular.<\/p>\n<p data-start=\"1741\" data-end=\"1821\">No asumimos ninguna responsabilidad ni riesgo derivados del uso de este Sitio.<\/p>\n<p><!-- \/wp:paragraph --><\/p>\n<p><!-- wp:heading --><\/p>\n<h2 class=\"wp-block-heading\">Limitaci\u00f3n de Responsabilidad<\/h2>\n<p><!-- \/wp:heading --><\/p>\n<p><!-- wp:paragraph --><\/p>\n<p>NO SEREMOS RESPONSABLES DE NINGUNA P\u00c9RDIDA O DA\u00d1O DERIVADO DEL USO O LA CONFIANZA EN ESTE SITIO O SU CONTENIDO.<br data-start=\"1980\" data-end=\"1983\" \/>BAJO NINGUNA CIRCUNSTANCIA SEREMOS RESPONSABLES DE P\u00c9RDIDAS DE BENEFICIOS, P\u00c9RDIDA DE DATOS, INTERRUPCIONES DE NEGOCIO, NI DE DA\u00d1OS DIRECTOS, INDIRECTOS, ESPECIALES, CONSECUENTES O INCIDENTALES RELACIONADOS CON EL SITIO, SU CONTENIDO O SU IMPOSIBILIDAD DE USO, AUN CUANDO SE NOS HAYA ADVERTIDO DE LA POSIBILIDAD DE TALES DA\u00d1OS.<\/p>\t\t\t\t\t\t\t\t<\/div>\n\t\t\t\t<\/div>\n\t\t\t\t\t<\/div>\n\t\t\t\t<\/div>\n\t\t<div class=\"elementor-element elementor-element-284a716 e-flex e-con-boxed lakit-col-width-auto-no e-container e-root-container elementor-top-section e-con e-parent\" data-id=\"284a716\" data-element_type=\"container\">\n\t\t\t\t\t<div class=\"e-con-inner\">\n\t\t\t\t<div class=\"elementor-element elementor-element-e842706 elementor-widget elementor-widget-spacer\" data-id=\"e842706\" data-element_type=\"widget\" data-widget_type=\"spacer.default\">\n\t\t\t\t<div class=\"elementor-widget-container\">\n\t\t\t\t\t\t\t<div class=\"elementor-spacer\">\n\t\t\t<div class=\"elementor-spacer-inner\"><\/div>\n\t\t<\/div>\n\t\t\t\t\t\t<\/div>\n\t\t\t\t<\/div>\n\t\t\t\t\t<\/div>\n\t\t\t\t<\/div>\n\t\t\t\t<\/div>\n\t\t","protected":false},"excerpt":{"rendered":"<p>General Terms and Conditions Al acceder o utilizar este sitio web (Spring Mountain Aesthetics), usted acepta estar sujeto a todos los t\u00e9rminos, condiciones y avisos contenidos en este Acuerdo de Uso del Sitio (el \u201cAcuerdo\u201d). Nos reservamos el derecho de modificar este Acuerdo en cualquier momento. Al continuar usando el Sitio&hellip;<\/p>\n","protected":false},"author":1,"featured_media":0,"parent":0,"menu_order":0,"comment_status":"closed","ping_status":"closed","template":"","meta":{"_acf_changed":false,"footnotes":""},"class_list":["post-1885","page","type-page","status-publish","hentry"],"acf":[],"yoast_head":"<!-- This site is optimized with the Yoast SEO plugin v25.9 - https:\/\/yoast.com\/wordpress\/plugins\/seo\/ -->\n<title>T\u00e9rminos de servicios - Spring Mountain Aesthetics<\/title>\n<meta name=\"robots\" content=\"index, follow, max-snippet:-1, max-image-preview:large, max-video-preview:-1\" \/>\n<link rel=\"canonical\" href=\"https:\/\/springmountainaesthetics.com\/es\/terminos-de-servicios\/\" \/>\n<meta property=\"og:locale\" content=\"es_ES\" \/>\n<meta property=\"og:type\" content=\"article\" \/>\n<meta property=\"og:title\" content=\"T\u00e9rminos de servicios - Spring Mountain Aesthetics\" \/>\n<meta property=\"og:description\" content=\"General Terms and Conditions Al acceder o utilizar este sitio web (Spring Mountain Aesthetics), usted acepta estar sujeto a todos los t\u00e9rminos, condiciones y avisos contenidos en este Acuerdo de Uso del Sitio (el \u201cAcuerdo\u201d). Nos reservamos el derecho de modificar este Acuerdo en cualquier momento. Al continuar usando el Sitio&hellip;\" \/>\n<meta property=\"og:url\" content=\"https:\/\/springmountainaesthetics.com\/es\/terminos-de-servicios\/\" \/>\n<meta property=\"og:site_name\" content=\"Spring Mountain Aesthetics\" \/>\n<meta property=\"article:modified_time\" content=\"2025-08-26T15:07:47+00:00\" \/>\n<meta name=\"twitter:card\" content=\"summary_large_image\" \/>\n<meta name=\"twitter:label1\" content=\"Est. reading time\" \/>\n\t<meta name=\"twitter:data1\" content=\"2 minutos\" \/>\n<script type=\"application\/ld+json\" class=\"yoast-schema-graph\">{\"@context\":\"https:\/\/schema.org\",\"@graph\":[{\"@type\":\"WebPage\",\"@id\":\"https:\/\/springmountainaesthetics.com\/es\/terminos-de-servicios\/\",\"url\":\"https:\/\/springmountainaesthetics.com\/es\/terminos-de-servicios\/\",\"name\":\"T\u00e9rminos de servicios - Spring Mountain Aesthetics\",\"isPartOf\":{\"@id\":\"https:\/\/springmountainaesthetics.com\/es\/#website\"},\"datePublished\":\"2025-04-05T14:09:02+00:00\",\"dateModified\":\"2025-08-26T15:07:47+00:00\",\"breadcrumb\":{\"@id\":\"https:\/\/springmountainaesthetics.com\/es\/terminos-de-servicios\/#breadcrumb\"},\"inLanguage\":\"es\",\"potentialAction\":[{\"@type\":\"ReadAction\",\"target\":[\"https:\/\/springmountainaesthetics.com\/es\/terminos-de-servicios\/\"]}]},{\"@type\":\"BreadcrumbList\",\"@id\":\"https:\/\/springmountainaesthetics.com\/es\/terminos-de-servicios\/#breadcrumb\",\"itemListElement\":[{\"@type\":\"ListItem\",\"position\":1,\"name\":\"Home\",\"item\":\"https:\/\/springmountainaesthetics.com\/es\/\"},{\"@type\":\"ListItem\",\"position\":2,\"name\":\"T\u00e9rminos de servicios\"}]},{\"@type\":\"WebSite\",\"@id\":\"https:\/\/springmountainaesthetics.com\/es\/#website\",\"url\":\"https:\/\/springmountainaesthetics.com\/es\/\",\"name\":\"Spring Mountain Aesthetics\",\"description\":\"Las Vegas, Nevada\",\"potentialAction\":[{\"@type\":\"SearchAction\",\"target\":{\"@type\":\"EntryPoint\",\"urlTemplate\":\"https:\/\/springmountainaesthetics.com\/es\/?s={search_term_string}\"},\"query-input\":{\"@type\":\"PropertyValueSpecification\",\"valueRequired\":true,\"valueName\":\"search_term_string\"}}],\"inLanguage\":\"es\"}]}<\/script>\n<!-- \/ Yoast SEO plugin. -->","yoast_head_json":{"title":"T\u00e9rminos de servicios - Spring Mountain Aesthetics","robots":{"index":"index","follow":"follow","max-snippet":"max-snippet:-1","max-image-preview":"max-image-preview:large","max-video-preview":"max-video-preview:-1"},"canonical":"https:\/\/springmountainaesthetics.com\/es\/terminos-de-servicios\/","og_locale":"es_ES","og_type":"article","og_title":"T\u00e9rminos de servicios - Spring Mountain Aesthetics","og_description":"General Terms and Conditions Al acceder o utilizar este sitio web (Spring Mountain Aesthetics), usted acepta estar sujeto a todos los t\u00e9rminos, condiciones y avisos contenidos en este Acuerdo de Uso del Sitio (el \u201cAcuerdo\u201d). Nos reservamos el derecho de modificar este Acuerdo en cualquier momento. Al continuar usando el Sitio&hellip;","og_url":"https:\/\/springmountainaesthetics.com\/es\/terminos-de-servicios\/","og_site_name":"Spring Mountain Aesthetics","article_modified_time":"2025-08-26T15:07:47+00:00","twitter_card":"summary_large_image","twitter_misc":{"Est. reading time":"2 minutos"},"schema":{"@context":"https:\/\/schema.org","@graph":[{"@type":"WebPage","@id":"https:\/\/springmountainaesthetics.com\/es\/terminos-de-servicios\/","url":"https:\/\/springmountainaesthetics.com\/es\/terminos-de-servicios\/","name":"T\u00e9rminos de servicios - Spring Mountain Aesthetics","isPartOf":{"@id":"https:\/\/springmountainaesthetics.com\/es\/#website"},"datePublished":"2025-04-05T14:09:02+00:00","dateModified":"2025-08-26T15:07:47+00:00","breadcrumb":{"@id":"https:\/\/springmountainaesthetics.com\/es\/terminos-de-servicios\/#breadcrumb"},"inLanguage":"es","potentialAction":[{"@type":"ReadAction","target":["https:\/\/springmountainaesthetics.com\/es\/terminos-de-servicios\/"]}]},{"@type":"BreadcrumbList","@id":"https:\/\/springmountainaesthetics.com\/es\/terminos-de-servicios\/#breadcrumb","itemListElement":[{"@type":"ListItem","position":1,"name":"Home","item":"https:\/\/springmountainaesthetics.com\/es\/"},{"@type":"ListItem","position":2,"name":"T\u00e9rminos de servicios"}]},{"@type":"WebSite","@id":"https:\/\/springmountainaesthetics.com\/es\/#website","url":"https:\/\/springmountainaesthetics.com\/es\/","name":"Spring Mountain Aesthetics","description":"Las Vegas, Nevada","potentialAction":[{"@type":"SearchAction","target":{"@type":"EntryPoint","urlTemplate":"https:\/\/springmountainaesthetics.com\/es\/?s={search_term_string}"},"query-input":{"@type":"PropertyValueSpecification","valueRequired":true,"valueName":"search_term_string"}}],"inLanguage":"es"}]}},"featured_image_src":null,"featured_image_src_square":null,"_links":{"self":[{"href":"https:\/\/springmountainaesthetics.com\/es\/wp-json\/wp\/v2\/pages\/1885","targetHints":{"allow":["GET"]}}],"collection":[{"href":"https:\/\/springmountainaesthetics.com\/es\/wp-json\/wp\/v2\/pages"}],"about":[{"href":"https:\/\/springmountainaesthetics.com\/es\/wp-json\/wp\/v2\/types\/page"}],"author":[{"embeddable":true,"href":"https:\/\/springmountainaesthetics.com\/es\/wp-json\/wp\/v2\/users\/1"}],"replies":[{"embeddable":true,"href":"https:\/\/springmountainaesthetics.com\/es\/wp-json\/wp\/v2\/comments?post=1885"}],"version-history":[{"count":0,"href":"https:\/\/springmountainaesthetics.com\/es\/wp-json\/wp\/v2\/pages\/1885\/revisions"}],"wp:attachment":[{"href":"https:\/\/springmountainaesthetics.com\/es\/wp-json\/wp\/v2\/media?parent=1885"}],"curies":[{"name":"wp","href":"https:\/\/api.w.org\/{rel}","templated":true}]}}