{"id":2033,"date":"2025-09-01T18:25:10","date_gmt":"2025-09-01T18:25:10","guid":{"rendered":"https:\/\/springmouaesth.wpenginepowered.com\/es\/?page_id=2033"},"modified":"2025-09-01T18:25:20","modified_gmt":"2025-09-01T18:25:20","slug":"financiacion","status":"publish","type":"page","link":"https:\/\/springmountainaesthetics.com\/es\/financiacion\/","title":{"rendered":"Financiaci\u00f3n"},"content":{"rendered":"\t\t<div data-elementor-type=\"wp-page\" data-elementor-id=\"2033\" class=\"elementor elementor-2033\">\n\t\t\t\t<div class=\"elementor-element elementor-element-e910108 e-flex e-con-boxed lakit-col-width-auto-no e-container e-root-container elementor-top-section e-con e-parent\" data-id=\"e910108\" data-element_type=\"container\" data-settings=\"{&quot;background_background&quot;:&quot;classic&quot;}\">\n\t\t\t\t\t<div class=\"e-con-inner\">\n\t\t\t\t<div class=\"elementor-element elementor-element-f3a394f elementor-widget elementor-widget-heading\" data-id=\"f3a394f\" data-element_type=\"widget\" data-widget_type=\"heading.default\">\n\t\t\t\t<div class=\"elementor-widget-container\">\n\t\t\t\t\t<h1 class=\"elementor-heading-title elementor-size-default\">Financiaci\u00f3n<\/h1>\t\t\t\t<\/div>\n\t\t\t\t<\/div>\n\t\t\t\t<div class=\"elementor-element elementor-element-4154f8b elementor-widget elementor-widget-text-editor\" data-id=\"4154f8b\" data-element_type=\"widget\" data-widget_type=\"text-editor.default\">\n\t\t\t\t<div class=\"elementor-widget-container\">\n\t\t\t\t\t\t\t\t\t<p>Comience su tratamiento hoy mismo<\/p>\t\t\t\t\t\t\t\t<\/div>\n\t\t\t\t<\/div>\n\t\t\t\t\t<\/div>\n\t\t\t\t<\/div>\n\t\t<div class=\"elementor-element elementor-element-12c0a98 e-flex e-con-boxed lakit-col-width-auto-no e-container e-root-container elementor-top-section e-con e-parent\" data-id=\"12c0a98\" data-element_type=\"container\">\n\t\t\t\t\t<div class=\"e-con-inner\">\n\t\t\t\t<div class=\"elementor-element elementor-element-cb314e9 text-gradient elementor-widget elementor-widget-heading\" data-id=\"cb314e9\" data-element_type=\"widget\" data-widget_type=\"heading.default\">\n\t\t\t\t<div class=\"elementor-widget-container\">\n\t\t\t\t\t<h2 class=\"elementor-heading-title elementor-size-default\">Financiaci\u00f3n<\/h2>\t\t\t\t<\/div>\n\t\t\t\t<\/div>\n\t\t\t\t\t<\/div>\n\t\t\t\t<\/div>\n\t\t<div class=\"elementor-element elementor-element-02d6bc5 e-con-full e-flex lakit-col-width-auto-no e-container e-root-container elementor-top-section e-con e-parent\" data-id=\"02d6bc5\" data-element_type=\"container\" data-settings=\"{&quot;background_background&quot;:&quot;classic&quot;}\">\n\t\t<div class=\"elementor-element elementor-element-4dc64d5 e-con-full e-flex lakit-col-width-auto-no e-container e-con e-child\" data-id=\"4dc64d5\" data-element_type=\"container\" data-settings=\"{&quot;background_background&quot;:&quot;classic&quot;}\">\n\t\t\t\t<\/div>\n\t\t<div class=\"elementor-element elementor-element-8cfa1d8 e-con-full e-flex lakit-col-width-auto-no e-container e-con e-child\" data-id=\"8cfa1d8\" data-element_type=\"container\">\n\t\t\t\t<div class=\"elementor-element elementor-element-3313ebe elementor-widget__width-initial elementor-widget-tablet__width-initial elementor-widget elementor-widget-heading\" data-id=\"3313ebe\" data-element_type=\"widget\" data-widget_type=\"heading.default\">\n\t\t\t\t<div class=\"elementor-widget-container\">\n\t\t\t\t\t<h2 class=\"elementor-heading-title elementor-size-default\">Financie su tratamiento con Cherry<\/h2>\t\t\t\t<\/div>\n\t\t\t\t<\/div>\n\t\t\t\t<div class=\"elementor-element elementor-element-f4eb629 elementor-widget__width-initial elementor-widget-tablet__width-initial elementor-widget elementor-widget-text-editor\" data-id=\"f4eb629\" data-element_type=\"widget\" data-widget_type=\"text-editor.default\">\n\t\t\t\t<div class=\"elementor-widget-container\">\n\t\t\t\t\t\t\t\t\t<div><div>En Spring Mountain Aesthetics, puedes comenzar tu tratamiento hoy mismo con la financiaci\u00f3n de Cherry. Disfruta de planes con 0% de inter\u00e9s y sin afectar tu historial crediticio al aplicar. El proceso es r\u00e1pido, sencillo y toma solo unos segundos.<\/div><br \/><div>Con Cherry, eliges el plan de pagos que se adapta a tu presupuesto, administras f\u00e1cilmente tus cuotas y recibes la atenci\u00f3n que mereces sin esperar. Muchos clientes destacan la comodidad de dividir sus pagos mientras acceden a servicios de alta calidad.<\/div><br \/><div>\u00a1No esperes m\u00e1s! Comienza hoy y descubre lo f\u00e1cil y sin estr\u00e9s que puede ser financiar tu tratamiento.<\/div><\/div>\t\t\t\t\t\t\t\t<\/div>\n\t\t\t\t<\/div>\n\t\t\t\t<div class=\"elementor-element elementor-element-9031baa elementor-mobile-align-center elementor-invisible elementor-widget elementor-widget-button\" data-id=\"9031baa\" data-element_type=\"widget\" data-settings=\"{&quot;_animation&quot;:&quot;lakitShortFadeInUp&quot;,&quot;_animation_delay&quot;:150}\" data-widget_type=\"button.default\">\n\t\t\t\t<div class=\"elementor-widget-container\">\n\t\t\t\t\t\t\t\t\t<div class=\"elementor-button-wrapper\">\n\t\t\t\t\t<a class=\"elementor-button elementor-button-link elementor-size-sm\" href=\"https:\/\/pay.withcherry.com\/springmountainaesthetics?utm_source=merchant&#038;utm_medium=social_media\" target=\"_blank\">\n\t\t\t\t\t\t<span class=\"elementor-button-content-wrapper\">\n\t\t\t\t\t\t\t\t\t<span class=\"elementor-button-text\">Planes de pago Cherry \ud83c\udf52<\/span>\n\t\t\t\t\t<\/span>\n\t\t\t\t\t<\/a>\n\t\t\t\t<\/div>\n\t\t\t\t\t\t\t\t<\/div>\n\t\t\t\t<\/div>\n\t\t\t\t<\/div>\n\t\t\t\t<\/div>\n\t\t\t\t<\/div>\n\t\t","protected":false},"excerpt":{"rendered":"<p>Financiaci\u00f3n Comience su tratamiento hoy mismo Financiaci\u00f3n Financie su tratamiento con Cherry En Spring Mountain Aesthetics, puedes comenzar tu tratamiento hoy mismo con la financiaci\u00f3n de Cherry. Disfruta de planes con 0% de inter\u00e9s y sin afectar tu historial crediticio al aplicar. El proceso es r\u00e1pido, sencillo y toma solo unos&hellip;<\/p>\n","protected":false},"author":3,"featured_media":0,"parent":0,"menu_order":0,"comment_status":"closed","ping_status":"closed","template":"","meta":{"_acf_changed":false,"footnotes":""},"class_list":["post-2033","page","type-page","status-publish","hentry"],"acf":[],"yoast_head":"<!-- This site is optimized with the Yoast SEO plugin v25.9 - https:\/\/yoast.com\/wordpress\/plugins\/seo\/ -->\n<title>Financiaci\u00f3n - Spring Mountain Aesthetics<\/title>\n<meta name=\"description\" content=\"En Spring Mountain Aesthetics, puedes comenzar tu tratamiento hoy mismo con la financiaci\u00f3n de Cherry. Disfruta de planes con 0%\" \/>\n<meta name=\"robots\" content=\"index, follow, max-snippet:-1, max-image-preview:large, max-video-preview:-1\" \/>\n<link rel=\"canonical\" href=\"https:\/\/springmountainaesthetics.com\/es\/financiacion\/\" \/>\n<meta property=\"og:locale\" content=\"es_ES\" \/>\n<meta property=\"og:type\" content=\"article\" \/>\n<meta property=\"og:title\" content=\"Financiaci\u00f3n - Spring Mountain Aesthetics\" \/>\n<meta property=\"og:description\" content=\"En Spring Mountain Aesthetics, puedes comenzar tu tratamiento hoy mismo con la financiaci\u00f3n de Cherry. Disfruta de planes con 0%\" \/>\n<meta property=\"og:url\" content=\"https:\/\/springmountainaesthetics.com\/es\/financiacion\/\" \/>\n<meta property=\"og:site_name\" content=\"Spring Mountain Aesthetics\" \/>\n<meta property=\"article:modified_time\" content=\"2025-09-01T18:25:20+00:00\" \/>\n<meta name=\"twitter:card\" content=\"summary_large_image\" \/>\n<meta name=\"twitter:label1\" content=\"Est. reading time\" \/>\n\t<meta name=\"twitter:data1\" content=\"1 minuto\" \/>\n<script type=\"application\/ld+json\" class=\"yoast-schema-graph\">{\"@context\":\"https:\/\/schema.org\",\"@graph\":[{\"@type\":\"WebPage\",\"@id\":\"https:\/\/springmountainaesthetics.com\/es\/financiacion\/\",\"url\":\"https:\/\/springmountainaesthetics.com\/es\/financiacion\/\",\"name\":\"Financiaci\u00f3n - Spring Mountain Aesthetics\",\"isPartOf\":{\"@id\":\"https:\/\/springmountainaesthetics.com\/es\/#website\"},\"datePublished\":\"2025-09-01T18:25:10+00:00\",\"dateModified\":\"2025-09-01T18:25:20+00:00\",\"description\":\"En Spring Mountain Aesthetics, puedes comenzar tu tratamiento hoy mismo con la financiaci\u00f3n de Cherry. Disfruta de planes con 0%\",\"breadcrumb\":{\"@id\":\"https:\/\/springmountainaesthetics.com\/es\/financiacion\/#breadcrumb\"},\"inLanguage\":\"es\",\"potentialAction\":[{\"@type\":\"ReadAction\",\"target\":[\"https:\/\/springmountainaesthetics.com\/es\/financiacion\/\"]}]},{\"@type\":\"BreadcrumbList\",\"@id\":\"https:\/\/springmountainaesthetics.com\/es\/financiacion\/#breadcrumb\",\"itemListElement\":[{\"@type\":\"ListItem\",\"position\":1,\"name\":\"Home\",\"item\":\"https:\/\/springmountainaesthetics.com\/es\/\"},{\"@type\":\"ListItem\",\"position\":2,\"name\":\"Financiaci\u00f3n\"}]},{\"@type\":\"WebSite\",\"@id\":\"https:\/\/springmountainaesthetics.com\/es\/#website\",\"url\":\"https:\/\/springmountainaesthetics.com\/es\/\",\"name\":\"Spring Mountain Aesthetics\",\"description\":\"Las Vegas, Nevada\",\"potentialAction\":[{\"@type\":\"SearchAction\",\"target\":{\"@type\":\"EntryPoint\",\"urlTemplate\":\"https:\/\/springmountainaesthetics.com\/es\/?s={search_term_string}\"},\"query-input\":{\"@type\":\"PropertyValueSpecification\",\"valueRequired\":true,\"valueName\":\"search_term_string\"}}],\"inLanguage\":\"es\"}]}<\/script>\n<!-- \/ Yoast SEO plugin. -->","yoast_head_json":{"title":"Financiaci\u00f3n - Spring Mountain Aesthetics","description":"En Spring Mountain Aesthetics, puedes comenzar tu tratamiento hoy mismo con la financiaci\u00f3n de Cherry. Disfruta de planes con 0%","robots":{"index":"index","follow":"follow","max-snippet":"max-snippet:-1","max-image-preview":"max-image-preview:large","max-video-preview":"max-video-preview:-1"},"canonical":"https:\/\/springmountainaesthetics.com\/es\/financiacion\/","og_locale":"es_ES","og_type":"article","og_title":"Financiaci\u00f3n - Spring Mountain Aesthetics","og_description":"En Spring Mountain Aesthetics, puedes comenzar tu tratamiento hoy mismo con la financiaci\u00f3n de Cherry. Disfruta de planes con 0%","og_url":"https:\/\/springmountainaesthetics.com\/es\/financiacion\/","og_site_name":"Spring Mountain Aesthetics","article_modified_time":"2025-09-01T18:25:20+00:00","twitter_card":"summary_large_image","twitter_misc":{"Est. reading time":"1 minuto"},"schema":{"@context":"https:\/\/schema.org","@graph":[{"@type":"WebPage","@id":"https:\/\/springmountainaesthetics.com\/es\/financiacion\/","url":"https:\/\/springmountainaesthetics.com\/es\/financiacion\/","name":"Financiaci\u00f3n - Spring Mountain Aesthetics","isPartOf":{"@id":"https:\/\/springmountainaesthetics.com\/es\/#website"},"datePublished":"2025-09-01T18:25:10+00:00","dateModified":"2025-09-01T18:25:20+00:00","description":"En Spring Mountain Aesthetics, puedes comenzar tu tratamiento hoy mismo con la financiaci\u00f3n de Cherry. Disfruta de planes con 0%","breadcrumb":{"@id":"https:\/\/springmountainaesthetics.com\/es\/financiacion\/#breadcrumb"},"inLanguage":"es","potentialAction":[{"@type":"ReadAction","target":["https:\/\/springmountainaesthetics.com\/es\/financiacion\/"]}]},{"@type":"BreadcrumbList","@id":"https:\/\/springmountainaesthetics.com\/es\/financiacion\/#breadcrumb","itemListElement":[{"@type":"ListItem","position":1,"name":"Home","item":"https:\/\/springmountainaesthetics.com\/es\/"},{"@type":"ListItem","position":2,"name":"Financiaci\u00f3n"}]},{"@type":"WebSite","@id":"https:\/\/springmountainaesthetics.com\/es\/#website","url":"https:\/\/springmountainaesthetics.com\/es\/","name":"Spring Mountain Aesthetics","description":"Las Vegas, Nevada","potentialAction":[{"@type":"SearchAction","target":{"@type":"EntryPoint","urlTemplate":"https:\/\/springmountainaesthetics.com\/es\/?s={search_term_string}"},"query-input":{"@type":"PropertyValueSpecification","valueRequired":true,"valueName":"search_term_string"}}],"inLanguage":"es"}]}},"featured_image_src":null,"featured_image_src_square":null,"_links":{"self":[{"href":"https:\/\/springmountainaesthetics.com\/es\/wp-json\/wp\/v2\/pages\/2033","targetHints":{"allow":["GET"]}}],"collection":[{"href":"https:\/\/springmountainaesthetics.com\/es\/wp-json\/wp\/v2\/pages"}],"about":[{"href":"https:\/\/springmountainaesthetics.com\/es\/wp-json\/wp\/v2\/types\/page"}],"author":[{"embeddable":true,"href":"https:\/\/springmountainaesthetics.com\/es\/wp-json\/wp\/v2\/users\/3"}],"replies":[{"embeddable":true,"href":"https:\/\/springmountainaesthetics.com\/es\/wp-json\/wp\/v2\/comments?post=2033"}],"version-history":[{"count":0,"href":"https:\/\/springmountainaesthetics.com\/es\/wp-json\/wp\/v2\/pages\/2033\/revisions"}],"wp:attachment":[{"href":"https:\/\/springmountainaesthetics.com\/es\/wp-json\/wp\/v2\/media?parent=2033"}],"curies":[{"name":"wp","href":"https:\/\/api.w.org\/{rel}","templated":true}]}}