{"id":3,"date":"2025-04-15T03:00:19","date_gmt":"2025-04-15T03:00:19","guid":{"rendered":"http:\/\/springmountainaesthetics.com\/?page_id=3"},"modified":"2025-08-26T15:06:06","modified_gmt":"2025-08-26T15:06:06","slug":"politica-de-privacidad","status":"publish","type":"page","link":"https:\/\/springmountainaesthetics.com\/es\/politica-de-privacidad\/","title":{"rendered":"Pol\u00edtica de privacidad"},"content":{"rendered":"\t\t<div data-elementor-type=\"wp-page\" data-elementor-id=\"3\" class=\"elementor elementor-3\">\n\t\t\t\t<div class=\"elementor-element elementor-element-2338b72e e-flex e-con-boxed lakit-col-width-auto-no e-container e-root-container elementor-top-section e-con e-parent\" data-id=\"2338b72e\" data-element_type=\"container\">\n\t\t\t\t\t<div class=\"e-con-inner\">\n\t\t\t\t<div class=\"elementor-element elementor-element-7ca7e446 elementor-widget elementor-widget-text-editor\" data-id=\"7ca7e446\" data-element_type=\"widget\" data-widget_type=\"text-editor.default\">\n\t\t\t\t<div class=\"elementor-widget-container\">\n\t\t\t\t\t\t\t\t\t\n<p data-start=\"30\" data-end=\"374\">En Spring Mountain Aesthetics, entendemos la importancia de proteger su informaci\u00f3n personal. Estamos comprometidos con la seguridad de sus datos y queremos que conozca las medidas que tomamos para garantizar su privacidad. Esta Pol\u00edtica de Privacidad del Sitio Web se aplica a la informaci\u00f3n que recopilamos cuando visita nuestra p\u00e1gina.<\/p>\n\n<h2 class=\"wp-block-heading\" data-start=\"381\" data-end=\"426\">Informaci\u00f3n No P\u00fablica que Recopilamos<\/h2>\n\n<p data-start=\"427\" data-end=\"510\">Al usar nuestro sitio web, podemos recopilar los siguientes tipos de informaci\u00f3n:<\/p>\n<ul data-start=\"458\" data-end=\"971\">\n<li class=\"\" data-start=\"458\" data-end=\"610\">\n<p class=\"\" data-start=\"460\" data-end=\"610\"><strong data-start=\"460\" data-end=\"472\">Cookies:<\/strong> peque\u00f1os archivos de texto almacenados en su dispositivo que nos ayudan a determinar si es un visitante nuevo o recurrente y a rastrear las p\u00e1ginas que visita.<\/p>\n<\/li>\n<li class=\"\" data-start=\"611\" data-end=\"758\">\n<p class=\"\" data-start=\"613\" data-end=\"758\"><strong data-start=\"613\" data-end=\"634\">GIFs transparentes: <\/strong>im\u00e1genes invisibles que nos permiten rastrear c\u00f3mo lleg\u00f3 a nuestro sitio web y qu\u00e9 enlaces utiliz\u00f3 para acceder a p\u00e1ginas espec\u00edficas.<\/p>\n<\/li>\n<li class=\"\" data-start=\"759\" data-end=\"971\">\n<p class=\"\" data-start=\"761\" data-end=\"971\"><strong data-start=\"761\" data-end=\"775\">Archivos de registro: <\/strong>registros en nuestro servidor que recopilan informaci\u00f3n como su direcci\u00f3n IP, proveedor de servicios de internet y tipo de navegador. Usamos estos datos para analizar el tr\u00e1fico del sitio y mejorar la experiencia del usuario.<\/p>\n<\/li>\n<\/ul>\n<p data-start=\"1109\" data-end=\"1428\">Si elige enviar su informaci\u00f3n de contacto para solicitar una consulta, recopilaremos su nombre, direcci\u00f3n, n\u00famero de tel\u00e9fono y correo electr\u00f3nico. No compartimos esta informaci\u00f3n con terceros, afiliados o no afiliados. Estos datos se usan internamente para mejorar el dise\u00f1o y la funcionalidad de nuestro sitio web.<\/p>\n\n<h2 class=\"wp-block-heading\">Pol\u00edtica de Mensajes de Texto<\/h2>\n\n<p data-start=\"1472\" data-end=\"1773\">Al completar formularios en nuestro sitio web o usar nuestro chat en l\u00ednea para programar citas, usted acepta y da su consentimiento para recibir mensajes de texto de Spring Mountain Aesthetics. Puede darse de baja en cualquier momento respondiendo con la palabra \u201cSTOP\u201d a cualquier mensaje.<\/p>\n<p data-start=\"1775\" data-end=\"2018\">Al aceptar, usted autoriza recibir recordatorios de citas, actualizaciones importantes, material promocional y solicitudes de retroalimentaci\u00f3n v\u00eda SMS. Las tarifas est\u00e1ndar de mensajes pueden aplicar seg\u00fan su proveedor de servicios m\u00f3viles.<\/p>\n<p data-start=\"2020\" data-end=\"2200\">Tenga en cuenta que los mensajes de texto no son un medio de comunicaci\u00f3n seguro. Le recomendamos tratar cualquier informaci\u00f3n sensible o personal durante su visita a la cl\u00ednica.<\/p>\n\n<h2 class=\"wp-block-heading\">Seguridad de la Informaci\u00f3n<\/h2>\n\n<p>Implementamos medidas de seguridad f\u00edsicas, electr\u00f3nicas y administrativas para proteger su informaci\u00f3n personal y cumplir con las normas legales y regulatorias aplicables. Solo empleados autorizados y capacitados en el manejo de datos tienen acceso a esta informaci\u00f3n para fines comerciales leg\u00edtimos.<br data-start=\"2544\" data-end=\"2547\" \/>Si proporcion\u00f3 su informaci\u00f3n de contacto en nuestro sitio web para solicitar una consulta, la utilizamos \u00fanicamente para que un representante de Spring Mountain Aesthetics se comunique con usted y le brinde la informaci\u00f3n solicitada.<\/p>\n\n<h2 class=\"wp-block-heading\">Uso de Cookies<\/h2>\n\n<p>Si deja un comentario en nuestro sitio, puede optar por guardar su nombre, correo electr\u00f3nico y sitio web en cookies. Esto es para su comodidad y evitar que vuelva a ingresar sus datos al comentar nuevamente. Estas cookies duran un a\u00f1o.<\/p>\n\n<p>Si visita nuestra p\u00e1gina de inicio de sesi\u00f3n, configuraremos una cookie temporal para comprobar si su navegador acepta cookies. Esta cookie no contiene datos personales y se elimina al cerrar el navegador.<\/p>\n\n<p>Al iniciar sesi\u00f3n, configuraremos varias cookies para guardar su informaci\u00f3n de acceso y sus preferencias de pantalla. Las cookies de inicio de sesi\u00f3n duran dos d\u00edas, y las de preferencias de pantalla un a\u00f1o. Si selecciona \u201cRecordarme\u201d, su inicio de sesi\u00f3n se mantendr\u00e1 durante dos semanas. Al cerrar sesi\u00f3n, se eliminar\u00e1n las cookies de acceso.<\/p>\n\n<p>Si edita o publica un art\u00edculo, se guardar\u00e1 una cookie adicional en su navegador. Esta no contiene datos personales, solo el ID de la publicaci\u00f3n que edit\u00f3, y expira despu\u00e9s de un d\u00eda.<\/p>\n\n<h2 class=\"wp-block-heading\">Contenido Incrustado de Otros Sitios Web<\/h2>\n\n<p>Los art\u00edculos en este sitio pueden incluir contenido incrustado (videos, im\u00e1genes, art\u00edculos, etc.). Dicho contenido funciona de la misma manera que si el visitante ingresara directamente a esos sitios web.<br data-start=\"4062\" data-end=\"4065\" \/>Estos sitios pueden recopilar datos sobre usted, usar cookies, incorporar rastreadores de terceros y monitorear su interacci\u00f3n con el contenido incrustado, incluso si tiene una cuenta y est\u00e1 conectado a dicho sitio web.<\/p>\n\n<h2 class=\"wp-block-heading\">Con qui\u00e9n compartimos sus datos<\/h2>\n\n<p data-start=\"4332\" data-end=\"4448\">Si solicita restablecer su contrase\u00f1a, su direcci\u00f3n IP ser\u00e1 incluida en el correo electr\u00f3nico de restablecimiento.<\/p>\n\n<h2 class=\"wp-block-heading\">Tiempo de conservaci\u00f3n de sus datos<\/h2>\n\n<p>Si deja un comentario, este y sus metadatos se conservar\u00e1n indefinidamente para reconocer y aprobar comentarios posteriores autom\u00e1ticamente en lugar de mantenerlos en una cola de moderaci\u00f3n.<\/p>\n\n<p>Para los usuarios que se registran en nuestro sitio (si aplica), tambi\u00e9n almacenamos la informaci\u00f3n personal que proporcionan en su perfil. Todos los usuarios pueden ver, editar o eliminar su informaci\u00f3n personal en cualquier momento (excepto su nombre de usuario). Los administradores del sitio tambi\u00e9n pueden ver y editar dicha informaci\u00f3n.<\/p>\n\n<h2 class=\"wp-block-heading\">Sus derechos sobre sus datos<\/h2>\n\n<p data-start=\"5082\" data-end=\"5484\">Si tiene una cuenta en este sitio o ha dejado comentarios, puede solicitar recibir un archivo exportado con los datos personales que tenemos sobre usted, incluidos los que nos haya proporcionado. Tambi\u00e9n puede solicitar que eliminemos cualquier informaci\u00f3n personal que tengamos sobre usted. Esto no incluye datos que estemos obligados a conservar por motivos administrativos, legales o de seguridad.<\/p>\n\n<h2 class=\"wp-block-heading\">D\u00f3nde enviamos sus datos<\/h2>\n\n<article class=\"text-token-text-primary w-full focus:outline-none scroll-mt-[calc(var(--header-height)+min(200px,max(70px,20svh)))]\" dir=\"auto\" tabindex=\"-1\" data-turn-id=\"request-68a774de-c524-8333-a2b3-1dcbe8350e73-0\" data-testid=\"conversation-turn-22\" data-scroll-anchor=\"true\" data-turn=\"assistant\">\n<div class=\"text-base my-auto mx-auto pb-10 [--thread-content-margin:--spacing(4)] @[37rem]:[--thread-content-margin:--spacing(6)] @[72rem]:[--thread-content-margin:--spacing(16)] px-(--thread-content-margin)\">\n<div class=\"[--thread-content-max-width:32rem] @[34rem]:[--thread-content-max-width:40rem] @[64rem]:[--thread-content-max-width:48rem] mx-auto max-w-(--thread-content-max-width) flex-1 group\/turn-messages focus-visible:outline-hidden relative flex w-full min-w-0 flex-col agent-turn\" tabindex=\"-1\">\n<div class=\"flex max-w-full flex-col grow\">\n<div class=\"min-h-8 text-message relative flex w-full flex-col items-end gap-2 text-start break-words whitespace-normal [.text-message+&amp;]:mt-5\" dir=\"auto\" data-message-author-role=\"assistant\" data-message-id=\"934ebfd0-d8f7-4e4e-9377-42c7c84952eb\" data-message-model-slug=\"gpt-5\">\n<div class=\"flex w-full flex-col gap-1 empty:hidden first:pt-[3px]\">\n<div class=\"markdown prose dark:prose-invert w-full break-words dark markdown-new-styling\">\n<p data-start=\"5523\" data-end=\"5638\" data-is-last-node=\"\" data-is-only-node=\"\">Los comentarios de los visitantes pueden ser verificados a trav\u00e9s de un servicio autom\u00e1tico de detecci\u00f3n de spam.<\/p>\n<\/div>\n<\/div>\n<\/div>\n<\/div>\n<\/div>\n<\/div>\n<\/article>\n\n<p>\u00a0<\/p>\t\t\t\t\t\t\t\t<\/div>\n\t\t\t\t<\/div>\n\t\t\t\t\t<\/div>\n\t\t\t\t<\/div>\n\t\t\t\t<\/div>\n\t\t","protected":false},"excerpt":{"rendered":"<p>En Spring Mountain Aesthetics, entendemos la importancia de proteger su informaci\u00f3n personal. Estamos comprometidos con la seguridad de sus datos y queremos que conozca las medidas que tomamos para garantizar su privacidad. Esta Pol\u00edtica de Privacidad del Sitio Web se aplica a la informaci\u00f3n que recopilamos cuando visita nuestra p\u00e1gina. Informaci\u00f3n&hellip;<\/p>\n","protected":false},"author":1,"featured_media":0,"parent":0,"menu_order":0,"comment_status":"closed","ping_status":"closed","template":"","meta":{"_acf_changed":false,"footnotes":""},"class_list":["post-3","page","type-page","status-publish","hentry"],"acf":[],"yoast_head":"<!-- This site is optimized with the Yoast SEO plugin v25.9 - https:\/\/yoast.com\/wordpress\/plugins\/seo\/ -->\n<title>Pol\u00edtica de privacidad - Spring Mountain Aesthetics<\/title>\n<meta name=\"robots\" content=\"index, follow, max-snippet:-1, max-image-preview:large, max-video-preview:-1\" \/>\n<link rel=\"canonical\" href=\"https:\/\/springmountainaesthetics.com\/es\/politica-de-privacidad\/\" \/>\n<meta property=\"og:locale\" content=\"es_ES\" \/>\n<meta property=\"og:type\" content=\"article\" \/>\n<meta property=\"og:title\" content=\"Pol\u00edtica de privacidad - Spring Mountain Aesthetics\" \/>\n<meta property=\"og:description\" content=\"En Spring Mountain Aesthetics, entendemos la importancia de proteger su informaci\u00f3n personal. Estamos comprometidos con la seguridad de sus datos y queremos que conozca las medidas que tomamos para garantizar su privacidad. Esta Pol\u00edtica de Privacidad del Sitio Web se aplica a la informaci\u00f3n que recopilamos cuando visita nuestra p\u00e1gina. Informaci\u00f3n&hellip;\" \/>\n<meta property=\"og:url\" content=\"https:\/\/springmountainaesthetics.com\/es\/politica-de-privacidad\/\" \/>\n<meta property=\"og:site_name\" content=\"Spring Mountain Aesthetics\" \/>\n<meta property=\"article:modified_time\" content=\"2025-08-26T15:06:06+00:00\" \/>\n<meta name=\"twitter:card\" content=\"summary_large_image\" \/>\n<meta name=\"twitter:label1\" content=\"Est. reading time\" \/>\n\t<meta name=\"twitter:data1\" content=\"4 minutos\" \/>\n<script type=\"application\/ld+json\" class=\"yoast-schema-graph\">{\"@context\":\"https:\/\/schema.org\",\"@graph\":[{\"@type\":\"WebPage\",\"@id\":\"https:\/\/springmountainaesthetics.com\/es\/politica-de-privacidad\/\",\"url\":\"https:\/\/springmountainaesthetics.com\/es\/politica-de-privacidad\/\",\"name\":\"Pol\u00edtica de privacidad - Spring Mountain Aesthetics\",\"isPartOf\":{\"@id\":\"https:\/\/springmountainaesthetics.com\/es\/#website\"},\"datePublished\":\"2025-04-15T03:00:19+00:00\",\"dateModified\":\"2025-08-26T15:06:06+00:00\",\"breadcrumb\":{\"@id\":\"https:\/\/springmountainaesthetics.com\/es\/politica-de-privacidad\/#breadcrumb\"},\"inLanguage\":\"es\",\"potentialAction\":[{\"@type\":\"ReadAction\",\"target\":[\"https:\/\/springmountainaesthetics.com\/es\/politica-de-privacidad\/\"]}]},{\"@type\":\"BreadcrumbList\",\"@id\":\"https:\/\/springmountainaesthetics.com\/es\/politica-de-privacidad\/#breadcrumb\",\"itemListElement\":[{\"@type\":\"ListItem\",\"position\":1,\"name\":\"Home\",\"item\":\"https:\/\/springmountainaesthetics.com\/es\/\"},{\"@type\":\"ListItem\",\"position\":2,\"name\":\"Pol\u00edtica de privacidad\"}]},{\"@type\":\"WebSite\",\"@id\":\"https:\/\/springmountainaesthetics.com\/es\/#website\",\"url\":\"https:\/\/springmountainaesthetics.com\/es\/\",\"name\":\"Spring Mountain Aesthetics\",\"description\":\"Las Vegas, Nevada\",\"potentialAction\":[{\"@type\":\"SearchAction\",\"target\":{\"@type\":\"EntryPoint\",\"urlTemplate\":\"https:\/\/springmountainaesthetics.com\/es\/?s={search_term_string}\"},\"query-input\":{\"@type\":\"PropertyValueSpecification\",\"valueRequired\":true,\"valueName\":\"search_term_string\"}}],\"inLanguage\":\"es\"}]}<\/script>\n<!-- \/ Yoast SEO plugin. -->","yoast_head_json":{"title":"Pol\u00edtica de privacidad - Spring Mountain Aesthetics","robots":{"index":"index","follow":"follow","max-snippet":"max-snippet:-1","max-image-preview":"max-image-preview:large","max-video-preview":"max-video-preview:-1"},"canonical":"https:\/\/springmountainaesthetics.com\/es\/politica-de-privacidad\/","og_locale":"es_ES","og_type":"article","og_title":"Pol\u00edtica de privacidad - Spring Mountain Aesthetics","og_description":"En Spring Mountain Aesthetics, entendemos la importancia de proteger su informaci\u00f3n personal. Estamos comprometidos con la seguridad de sus datos y queremos que conozca las medidas que tomamos para garantizar su privacidad. Esta Pol\u00edtica de Privacidad del Sitio Web se aplica a la informaci\u00f3n que recopilamos cuando visita nuestra p\u00e1gina. Informaci\u00f3n&hellip;","og_url":"https:\/\/springmountainaesthetics.com\/es\/politica-de-privacidad\/","og_site_name":"Spring Mountain Aesthetics","article_modified_time":"2025-08-26T15:06:06+00:00","twitter_card":"summary_large_image","twitter_misc":{"Est. reading time":"4 minutos"},"schema":{"@context":"https:\/\/schema.org","@graph":[{"@type":"WebPage","@id":"https:\/\/springmountainaesthetics.com\/es\/politica-de-privacidad\/","url":"https:\/\/springmountainaesthetics.com\/es\/politica-de-privacidad\/","name":"Pol\u00edtica de privacidad - Spring Mountain Aesthetics","isPartOf":{"@id":"https:\/\/springmountainaesthetics.com\/es\/#website"},"datePublished":"2025-04-15T03:00:19+00:00","dateModified":"2025-08-26T15:06:06+00:00","breadcrumb":{"@id":"https:\/\/springmountainaesthetics.com\/es\/politica-de-privacidad\/#breadcrumb"},"inLanguage":"es","potentialAction":[{"@type":"ReadAction","target":["https:\/\/springmountainaesthetics.com\/es\/politica-de-privacidad\/"]}]},{"@type":"BreadcrumbList","@id":"https:\/\/springmountainaesthetics.com\/es\/politica-de-privacidad\/#breadcrumb","itemListElement":[{"@type":"ListItem","position":1,"name":"Home","item":"https:\/\/springmountainaesthetics.com\/es\/"},{"@type":"ListItem","position":2,"name":"Pol\u00edtica de privacidad"}]},{"@type":"WebSite","@id":"https:\/\/springmountainaesthetics.com\/es\/#website","url":"https:\/\/springmountainaesthetics.com\/es\/","name":"Spring Mountain Aesthetics","description":"Las Vegas, Nevada","potentialAction":[{"@type":"SearchAction","target":{"@type":"EntryPoint","urlTemplate":"https:\/\/springmountainaesthetics.com\/es\/?s={search_term_string}"},"query-input":{"@type":"PropertyValueSpecification","valueRequired":true,"valueName":"search_term_string"}}],"inLanguage":"es"}]}},"featured_image_src":null,"featured_image_src_square":null,"_links":{"self":[{"href":"https:\/\/springmountainaesthetics.com\/es\/wp-json\/wp\/v2\/pages\/3","targetHints":{"allow":["GET"]}}],"collection":[{"href":"https:\/\/springmountainaesthetics.com\/es\/wp-json\/wp\/v2\/pages"}],"about":[{"href":"https:\/\/springmountainaesthetics.com\/es\/wp-json\/wp\/v2\/types\/page"}],"author":[{"embeddable":true,"href":"https:\/\/springmountainaesthetics.com\/es\/wp-json\/wp\/v2\/users\/1"}],"replies":[{"embeddable":true,"href":"https:\/\/springmountainaesthetics.com\/es\/wp-json\/wp\/v2\/comments?post=3"}],"version-history":[{"count":0,"href":"https:\/\/springmountainaesthetics.com\/es\/wp-json\/wp\/v2\/pages\/3\/revisions"}],"wp:attachment":[{"href":"https:\/\/springmountainaesthetics.com\/es\/wp-json\/wp\/v2\/media?parent=3"}],"curies":[{"name":"wp","href":"https:\/\/api.w.org\/{rel}","templated":true}]}}